{"id":1805,"date":"2019-07-10T14:32:08","date_gmt":"2019-07-10T14:32:08","guid":{"rendered":"https:\/\/gesundbuero.eu\/?page_id=1805"},"modified":"2019-07-10T15:55:45","modified_gmt":"2019-07-10T15:55:45","slug":"data-policy","status":"publish","type":"page","link":"https:\/\/gesundbuero.eu\/en\/data-policy\/","title":{"rendered":"Data policy"},"content":{"rendered":"<section class=\"wpb-content-wrapper\">[vc_row][vc_column][mk_padding_divider size=&#8221;120&#8243;][mk_fancy_title color=&#8221;#141414&#8243; size=&#8221;63&#8243; font_weight=&#8221;300&#8243; font_style=&#8221;normal&#8221; margin_bottom=&#8221;0&#8243; font_family=&#8221;none&#8221; el_class=&#8221;ao-museo-sans-300-font&#8221;]Datenschutz[\/mk_fancy_title][vc_column_text css=&#8221;.vc_custom_1536066553332{margin-bottom: 0px !important;}&#8221;]\n<p>Datenschutzerkl\u00e4rung<br \/>\nDatenschutzbestimmungen der Eurocres Consulting GmbH<br \/>\nWir, die Eurocres Consulting GmbH, nehmen den Schutz Ihrer pers\u00f6nlichen Daten sehr ernst und halten uns strikt an das geltende Datenschutzrecht. Die nachfolgenden Angaben informieren Sie genauer \u00fcber Art, Umfang und Zweck der Erhebung, Verarbeitung und Nutzung Ihrer personenbezogenen Daten auf unserer Website.<\/p>\n<p>1. Datenschutzbeauftragter<br \/>\nDen Datenschutzbeauftragten k\u00f6nnen Sie wie folgt kontaktieren:<\/p>\n<p>Herr Jen\u00f6 Kleemann<\/p>\n<p>E-Mail: datenschutz@eurocres.com<\/p>\n<p>Telefon: +49-30-88 66 90 50<br \/>\nTelefax: +49-30-88 66 90 515<\/p>\n<p>Bitte richten Sie alle Fragen zum Thema Datenschutz direkt an unseren Datenschutzbeauftragten.<\/p>\n<p>2. Rechtsgrundlage der Datenerhebung und -verarbeitung<br \/>\nAls Rechtsgrundlage der Erhebung, Verarbeitung und Nutzung s\u00e4mtlicher personenbezogenen Daten gilt die EU-Datenschutzgrundverordnung (DSGVO).<\/p>\n<p>Personenbezogene Daten sind Einzelangaben \u00fcber pers\u00f6nliche oder sachliche Verh\u00e4ltnisse einer bestimmten oder bestimmbaren nat\u00fcrlichen Person, die geeignet sind, diese zu identifizieren.<\/p>\n<p>Die Verarbeitung der personenbezogenen Daten ist nach Art. 6 DSGVO unter anderem dann rechtm\u00e4\u00dfig, wenn<\/p>\n<ul>\n<li>die betroffene Person ihre Einwilligung gegeben hat<\/li>\n<li>die Verarbeitung f\u00fcr die Erf\u00fcllung eines Vertrages mit der betreffenden Person erforderlich ist<\/li>\n<li>die Verarbeitung f\u00fcr die Erf\u00fcllung einer rechtlichen Verpflichtung erforderlich ist<\/li>\n<li>die Verarbeitung zur Wahrung der berechtigten Interessen des Verantwortlichen oder eines Dritten erforderlich ist (z.B. zur Erbringung unserer Leistungen), sofern nicht die Interessen oder Grundrechte und Grundfreiheiten der betroffenen Person \u00fcberwiegen.<\/li>\n<\/ul>\n<p>3. Automatische Datenerfassung (Weblog-Daten)<br \/>\nBeim Besuch unserer Website werden automatisch folgende Daten durch Ihren Internet-Browser an uns \u00fcbermittelt und auf unseren Servern gespeichert<\/p>\n<ul>\n<li>Angaben zu dem von Ihnen verwendeten Browser und Betriebssystem<br \/>\nWebsite, die Sie besuchen<\/li>\n<li>Website, von der aus Sie uns besuchen (Referrer-URL)<\/li>\n<li>http-Version<\/li>\n<li>Datum und Uhrzeit Ihres Zugriffs<\/li>\n<li>Statusmeldung \u00fcber den Erfolg des Zugriffs<\/li>\n<li>\u00dcbertragenes Datenvolumen<\/li>\n<li>Ihre Internet Protokoll (IP)-Adresse.<\/li>\n<\/ul>\n<p>Die Speicherung dieser Daten erfolgt zu statistischen Zwecken, um unseren Internetauftritt technisch zu optimieren und eine korrekte Darstellung der Webinhalte zu gew\u00e4hrleisten. Weiterhin werden die Weblog-Daten ben\u00f6tigt, um im Falle eines unbefugten Zugriffs (Cyberangriff) den Strafverfolgungsbeh\u00f6rden erforderliche Informationen f\u00fcr die Beweissicherung vorlegen zu k\u00f6nnen. Eine Zusammenf\u00fchrung mit anderen Daten findet nicht statt; es werden hierbei insbesondere keine Nutzerprofile erstellt. R\u00fcckschl\u00fcsse auf eine bestimmte Person sind daher ausgeschlossen. Die Daten werden nach 7 Tagen gel\u00f6scht.<\/p>\n<p>4. Cookies &amp; Google Analytics<br \/>\n4.1 Google Analytics<br \/>\nAuf unserer Website wird der Internet-Analysedienst &#8220;Google Analytics&#8221; der Google Inc. (&#8220;Google&#8221;) mit der Erweiterung &#8220;_anonymizeIp()&#8221; verwendet.<\/p>\n<p>Kontaktinformationen:<br \/>\nGoogle LLC<br \/>\n1600 Amphitheatre Parkway<br \/>\nMountain View, CA 94043<br \/>\nUSA<br \/>\nTel: +1 650 253 0000<br \/>\nFax: +1 650 253 0001<br \/>\nE-Mail: support-de@google.com<\/p>\n<p>Es werden durch Google Analytics anonymisiert Nutzerinformationen gespeichert wie:<\/p>\n<ul>\n<li>Angaben zu dem von Ihnen verwendeten Browsertyp\/-version und Betriebssystem<\/li>\n<li>Website, von der aus Sie uns besuchen (Referrer-URL)<\/li>\n<li>Datum und Dauer Ihres Zugriffs<\/li>\n<li>Ihre Internet Protokoll (IP)-Adresse.<\/li>\n<\/ul>\n<p>Hierzu beachten Sie bitte den nachfolgenden Hinweis: Google Analytics verwendet sog. &#8220;Cookies&#8221;, Textdateien, die auf Ihrem Computer gespeichert werden und die eine Analyse der Benutzung der Website durch Sie erm\u00f6glichen. Die durch den Cookie erzeugten Informationen \u00fcber Ihre Benutzung dieser Website werden in der Regel an einen Server von Google in den USA \u00fcbertragen und dort gespeichert. Infolge der IP-Anonymisierung (IP-Masking) auf dieser Webseite wird Ihre IP-Adresse von Google jedoch innerhalb von Mitgliedstaaten der Europ\u00e4ischen Union oder in anderen Vertragsstaaten des Abkommens \u00fcber den Europ\u00e4ischen Wirtschaftsraum zuvor gek\u00fcrzt. Nur in Ausnahmef\u00e4llen wird die volle IP-Adresse an einen Server von Google in den USA \u00fcbertragen und dort gek\u00fcrzt. Im Auftrag des Betreibers dieser Website wird Google diese Informationen benutzen, um Ihre Nutzung der Website auszuwerten, um Reports \u00fcber die Websiteaktivit\u00e4ten zusammenzustellen und um weitere mit der Websitenutzung und der Internetnutzung verbundene Dienstleistungen gegen\u00fcber dem Websitebetreiber zu erbringen.<\/p>\n<p>Die im Rahmen von Google Analytics von Ihrem Browser \u00fcbermittelte IP-Adresse wird nicht mit anderen Daten von Google zusammengef\u00fchrt. Das Google Analytics-Cookie wird f\u00fcr die Dauer von zwei Jahren gespeichert.<\/p>\n<p>Sie k\u00f6nnen die Speicherung der Cookies durch eine entsprechende Einstellung Ihrer Browser-Software verhindern; wir weisen Sie jedoch darauf hin, dass Sie in diesem Fall gegebenenfalls nicht s\u00e4mtliche Funktionen dieser Website vollumf\u00e4nglich werden nutzen k\u00f6nnen. Sie k\u00f6nnen dar\u00fcber hinaus die Erfassung der durch das Cookie erzeugten und auf Ihre Nutzung der Website bezogenen Daten (inkl. Ihrer IP-Adresse) an Google sowie die Verarbeitung dieser Daten durch Google verhindern, indem Sie das unter dem folgenden Link verf\u00fcgbare Browser-Plugin herunterladen und installieren: https:\/\/tools.google.com\/dlpage\/gaoptout?hl=de<\/p>\n<p>Eine \u00dcbersicht der Ma\u00dfnahmen, die Sie zum Schutz Ihrer Daten ergreifen k\u00f6nnen, finden Sie in der Google Analytics-Hilfe: https:\/\/support.google.com\/analytics\/answer\/6004245?hl=de<\/p>\n<p>4.2 Cookies<br \/>\nAuf unserer Webseite werden vereinzelt Cookies eingesetzt. Dies sind kleine Textdateien, die auf Ihrem Rechner abgelegt werden und von Ihrem Browser gespeichert werden. Ein Gro\u00dfteil der von uns verwendeten Cookies sind &#8220;Session-Cookies&#8221;. Diese werden automatisch gel\u00f6scht, sobald Sie unsere Seite verlassen. Cookies sind f\u00fcr Ihren Rechner unsch\u00e4dlich und enthalten keine Viren.<\/p>\n<p>In Session-Cookies werden zuf\u00e4llig erzeugte eindeutige Identifikationsnummern, sogenannte Session-IDs, abgelegt. Au\u00dferdem enth\u00e4lt ein Cookie die Angabe \u00fcber seine Herkunft und die Speicherfrist. Diese Cookies k\u00f6nnen keine anderen Daten speichern.<\/p>\n<p>Von den meisten Browsern werden Cookies automatisch akzeptiert. Sie k\u00f6nnen Ihren Browser so konfigurieren, dass keine Cookies auf Ihrem Computer gespeichert werden oder immer dann ein Hinweis erscheint, wenn ein neuer Cookie angelegt wird. Die Cookies k\u00f6nnen \u00fcber die Einstellungen Ihrer Browser-Software deaktiviert werden. Gegebenenfalls stehen Ihnen dann aber nicht s\u00e4mtliche Funktionen unserer Webseite vollumf\u00e4nglich zur Verf\u00fcgung.<\/p>\n<p>5. Sonstige Nutzung von Daten<br \/>\nEine \u00fcber die vorstehenden Regelungen hinausgehende Datenerhebung und -verarbeitung erfolgt ausschlie\u00dflich auf freiwilliger Basis wie nachfolgend beschrieben. Sollten Sie keine Einwilligung dazu erteilt haben, werden wir keine personenbezogenen Daten an Dritte herausgegeben, es sei denn es zwingt uns eine gesetzliche Vorschrift zur Herausgabe dieser Daten.<\/p>\n<p>3.1 Kontaktaufnahme<br \/>\nPersonenbezogene Daten, die Sie im Rahmen einer Kontaktaufnahme (z.B. per E-Mail) mit uns preisgeben, werden allein im Rahmen der Kontaktaufnahme und f\u00fcr eine Antwort bzw. R\u00fcckmeldung durch uns verwendet.<\/p>\n<p>3.2 Anmeldeformular<br \/>\nIm Rahmen der Kontaktaufnahme \u00fcber das Anmeldeformular auf der Website werden personenbezogene Daten (Name, E-Mail-Adresse, Telefonnummer) erhoben, die ausschlie\u00dflich im Rahmen der Kontaktaufnahme und f\u00fcr eine Antwort bzw. R\u00fcckmeldung verwendet werden. Rechtsgrundlage f\u00fcr die Verarbeitung der Daten ist unser berechtigtes Interesse an der Beantwortung Ihres Anliegens sowie dem organisatorischen Austausch zur Schaffung der Voraussetzungen f\u00fcr die Teilnahme am Gesundb\u00fcro-Award. Ihre Daten werden gel\u00f6scht, sobald sich aus den Umst\u00e4nden entnehmen l\u00e4sst, dass der betroffene Sachverhalt abschlie\u00dfend gekl\u00e4rt ist und sofern keine gesetzlichen Aufbewahrungspflichten entgegenstehen.<\/p>\n<p>Bitte beachten Sie, dass die Eingabedaten des Kontaktformulars verschl\u00fcsselt (mittels SSL-Verschl\u00fcsselung \/ https-Protokoll) \u00fcbertragen werden, um einen optimalen und dem Stand der Technik entsprechenden Schutz Ihrer personenbezogenen Daten zu gew\u00e4hrleisten.<\/p>\n<p>6. Ihr Recht auf Auskunft, L\u00f6schung, Berichtigung und Sperrung<br \/>\nWir sind nach der geltenden DSGVO dazu verpflichtet, Ihnen als betroffene Person unentgeltlich folgende Rechte zu gew\u00e4hren:<\/p>\n<ul>\n<li>Recht auf Best\u00e4tigung (Best\u00e4tigung, ob betreffende personenbezogene Daten verarbeitet werden)<\/li>\n<li>Recht auf Auskunft (Auskunft \u00fcber die gespeicherten Daten Ihre Person betreffend)<\/li>\n<li>Recht auf Berichtigung (Berichtigung bzw. Vervollst\u00e4ndigung der gespeicherten Daten Ihre Person betreffend)<\/li>\n<li>Recht auf L\u00f6schung (dauerhafte L\u00f6schung der gespeicherten Daten Ihre Person betreffend)<\/li>\n<li>Einschr\u00e4nkung der Verarbeitung (Verlangen einer Verarbeitungseinschr\u00e4nkung bei entsprechender gesetzlicher Voraussetzung)<\/li>\n<li>Daten\u00fcbertragbarkeit (\u00dcbermittlung der betreffenden personenbezogenen Daten in maschinenlesbarer, strukturierter Form und Bereitstellung der Daten Ihrerseits an Dritte)<\/li>\n<li>Widerspruch (Widerspruch gegen die Verarbeitung der gespeicherten Daten Ihre Person betreffend, z.B. aufgrund einer besonderen Situation)<\/li>\n<li>Widerruf einer datenschutzrechtlichen Einwilligung (Widerruf einer vorher erteilten Einwilligung zur Datenverarbeitung)<\/li>\n<li>Beschwerde bei einer Aufsichtsbeh\u00f6rde (in Bezug auf die Verarbeitung von Daten Ihre Person betreffend)<\/li>\n<\/ul>\n<p>Diese Datenschutzerkl\u00e4rung ist aktuell wirksam und wurde letztmalig bearbeitet im September 2018.[\/vc_column_text][\/vc_column][\/vc_row]\n<\/section>","protected":false},"excerpt":{"rendered":"<p>[vc_row][vc_column][mk_padding_divider size=&#8221;120&#8243;][mk_fancy_title color=&#8221;#141414&#8243; size=&#8221;63&#8243; font_weight=&#8221;300&#8243; font_style=&#8221;normal&#8221; margin_bottom=&#8221;0&#8243; font_family=&#8221;none&#8221; el_class=&#8221;ao-museo-sans-300-font&#8221;]Datenschutz[\/mk_fancy_title][vc_column_text css=&#8221;.vc_custom_1536066553332{margin-bottom: 0px !important;}&#8221;] Datenschutzerkl\u00e4rung Datenschutzbestimmungen der Eurocres Consulting GmbH Wir, die Eurocres Consulting GmbH, nehmen den Schutz Ihrer pers\u00f6nlichen Daten sehr ernst und halten uns strikt an das geltende Datenschutzrecht. Die nachfolgenden Angaben informieren Sie genauer \u00fcber Art, Umfang und Zweck der Erhebung, Verarbeitung und Nutzung [&hellip;]<\/p>\n","protected":false},"author":6,"featured_media":0,"parent":0,"menu_order":0,"comment_status":"closed","ping_status":"open","template":"","meta":{"footnotes":""},"yoast_head":"<!-- This site is optimized with the Yoast SEO plugin v21.2 - https:\/\/yoast.com\/wordpress\/plugins\/seo\/ -->\n<title>Data policy - Gesundb\u00fcro<\/title>\n<meta name=\"robots\" content=\"index, follow, max-snippet:-1, max-image-preview:large, max-video-preview:-1\" \/>\n<link rel=\"canonical\" href=\"https:\/\/gesundbuero.eu\/en\/data-policy\/\" \/>\n<meta property=\"og:locale\" content=\"en_US\" \/>\n<meta property=\"og:type\" content=\"article\" \/>\n<meta property=\"og:title\" content=\"Data policy - Gesundb\u00fcro\" \/>\n<meta property=\"og:description\" content=\"[vc_row][vc_column][mk_padding_divider size=&#8221;120&#8243;][mk_fancy_title color=&#8221;#141414&#8243; size=&#8221;63&#8243; font_weight=&#8221;300&#8243; font_style=&#8221;normal&#8221; margin_bottom=&#8221;0&#8243; font_family=&#8221;none&#8221; el_class=&#8221;ao-museo-sans-300-font&#8221;]Datenschutz[\/mk_fancy_title][vc_column_text css=&#8221;.vc_custom_1536066553332{margin-bottom: 0px !important;}&#8221;] Datenschutzerkl\u00e4rung Datenschutzbestimmungen der Eurocres Consulting GmbH Wir, die Eurocres Consulting GmbH, nehmen den Schutz Ihrer pers\u00f6nlichen Daten sehr ernst und halten uns strikt an das geltende Datenschutzrecht. Die nachfolgenden Angaben informieren Sie genauer \u00fcber Art, Umfang und Zweck der Erhebung, Verarbeitung und Nutzung [&hellip;]\" \/>\n<meta property=\"og:url\" content=\"https:\/\/gesundbuero.eu\/en\/data-policy\/\" \/>\n<meta property=\"og:site_name\" content=\"Gesundb\u00fcro\" \/>\n<meta property=\"article:modified_time\" content=\"2019-07-10T15:55:45+00:00\" \/>\n<meta name=\"twitter:card\" content=\"summary_large_image\" \/>\n<meta name=\"twitter:label1\" content=\"Est. reading time\" \/>\n\t<meta name=\"twitter:data1\" content=\"7 minutes\" \/>\n<script type=\"application\/ld+json\" class=\"yoast-schema-graph\">{\"@context\":\"https:\/\/schema.org\",\"@graph\":[{\"@type\":\"WebPage\",\"@id\":\"https:\/\/gesundbuero.eu\/en\/data-policy\/\",\"url\":\"https:\/\/gesundbuero.eu\/en\/data-policy\/\",\"name\":\"Data policy - Gesundb\u00fcro\",\"isPartOf\":{\"@id\":\"https:\/\/gesundbuero.eu\/en\/#website\"},\"datePublished\":\"2019-07-10T14:32:08+00:00\",\"dateModified\":\"2019-07-10T15:55:45+00:00\",\"breadcrumb\":{\"@id\":\"https:\/\/gesundbuero.eu\/en\/data-policy\/#breadcrumb\"},\"inLanguage\":\"en-US\",\"potentialAction\":[{\"@type\":\"ReadAction\",\"target\":[\"https:\/\/gesundbuero.eu\/en\/data-policy\/\"]}]},{\"@type\":\"BreadcrumbList\",\"@id\":\"https:\/\/gesundbuero.eu\/en\/data-policy\/#breadcrumb\",\"itemListElement\":[{\"@type\":\"ListItem\",\"position\":1,\"name\":\"Home\",\"item\":\"https:\/\/gesundbuero.eu\/en\/\"},{\"@type\":\"ListItem\",\"position\":2,\"name\":\"Data policy\"}]},{\"@type\":\"WebSite\",\"@id\":\"https:\/\/gesundbuero.eu\/en\/#website\",\"url\":\"https:\/\/gesundbuero.eu\/en\/\",\"name\":\"Gesundb\u00fcro\",\"description\":\"Gesundb\u00fcro website\",\"potentialAction\":[{\"@type\":\"SearchAction\",\"target\":{\"@type\":\"EntryPoint\",\"urlTemplate\":\"https:\/\/gesundbuero.eu\/en\/?s={search_term_string}\"},\"query-input\":\"required name=search_term_string\"}],\"inLanguage\":\"en-US\"}]}<\/script>\n<!-- \/ Yoast SEO plugin. -->","yoast_head_json":{"title":"Data policy - Gesundb\u00fcro","robots":{"index":"index","follow":"follow","max-snippet":"max-snippet:-1","max-image-preview":"max-image-preview:large","max-video-preview":"max-video-preview:-1"},"canonical":"https:\/\/gesundbuero.eu\/en\/data-policy\/","og_locale":"en_US","og_type":"article","og_title":"Data policy - Gesundb\u00fcro","og_description":"[vc_row][vc_column][mk_padding_divider size=&#8221;120&#8243;][mk_fancy_title color=&#8221;#141414&#8243; size=&#8221;63&#8243; font_weight=&#8221;300&#8243; font_style=&#8221;normal&#8221; margin_bottom=&#8221;0&#8243; font_family=&#8221;none&#8221; el_class=&#8221;ao-museo-sans-300-font&#8221;]Datenschutz[\/mk_fancy_title][vc_column_text css=&#8221;.vc_custom_1536066553332{margin-bottom: 0px !important;}&#8221;] Datenschutzerkl\u00e4rung Datenschutzbestimmungen der Eurocres Consulting GmbH Wir, die Eurocres Consulting GmbH, nehmen den Schutz Ihrer pers\u00f6nlichen Daten sehr ernst und halten uns strikt an das geltende Datenschutzrecht. Die nachfolgenden Angaben informieren Sie genauer \u00fcber Art, Umfang und Zweck der Erhebung, Verarbeitung und Nutzung [&hellip;]","og_url":"https:\/\/gesundbuero.eu\/en\/data-policy\/","og_site_name":"Gesundb\u00fcro","article_modified_time":"2019-07-10T15:55:45+00:00","twitter_card":"summary_large_image","twitter_misc":{"Est. reading time":"7 minutes"},"schema":{"@context":"https:\/\/schema.org","@graph":[{"@type":"WebPage","@id":"https:\/\/gesundbuero.eu\/en\/data-policy\/","url":"https:\/\/gesundbuero.eu\/en\/data-policy\/","name":"Data policy - Gesundb\u00fcro","isPartOf":{"@id":"https:\/\/gesundbuero.eu\/en\/#website"},"datePublished":"2019-07-10T14:32:08+00:00","dateModified":"2019-07-10T15:55:45+00:00","breadcrumb":{"@id":"https:\/\/gesundbuero.eu\/en\/data-policy\/#breadcrumb"},"inLanguage":"en-US","potentialAction":[{"@type":"ReadAction","target":["https:\/\/gesundbuero.eu\/en\/data-policy\/"]}]},{"@type":"BreadcrumbList","@id":"https:\/\/gesundbuero.eu\/en\/data-policy\/#breadcrumb","itemListElement":[{"@type":"ListItem","position":1,"name":"Home","item":"https:\/\/gesundbuero.eu\/en\/"},{"@type":"ListItem","position":2,"name":"Data policy"}]},{"@type":"WebSite","@id":"https:\/\/gesundbuero.eu\/en\/#website","url":"https:\/\/gesundbuero.eu\/en\/","name":"Gesundb\u00fcro","description":"Gesundb\u00fcro website","potentialAction":[{"@type":"SearchAction","target":{"@type":"EntryPoint","urlTemplate":"https:\/\/gesundbuero.eu\/en\/?s={search_term_string}"},"query-input":"required name=search_term_string"}],"inLanguage":"en-US"}]}},"_links":{"self":[{"href":"https:\/\/gesundbuero.eu\/en\/wp-json\/wp\/v2\/pages\/1805"}],"collection":[{"href":"https:\/\/gesundbuero.eu\/en\/wp-json\/wp\/v2\/pages"}],"about":[{"href":"https:\/\/gesundbuero.eu\/en\/wp-json\/wp\/v2\/types\/page"}],"author":[{"embeddable":true,"href":"https:\/\/gesundbuero.eu\/en\/wp-json\/wp\/v2\/users\/6"}],"replies":[{"embeddable":true,"href":"https:\/\/gesundbuero.eu\/en\/wp-json\/wp\/v2\/comments?post=1805"}],"version-history":[{"count":2,"href":"https:\/\/gesundbuero.eu\/en\/wp-json\/wp\/v2\/pages\/1805\/revisions"}],"predecessor-version":[{"id":2104,"href":"https:\/\/gesundbuero.eu\/en\/wp-json\/wp\/v2\/pages\/1805\/revisions\/2104"}],"wp:attachment":[{"href":"https:\/\/gesundbuero.eu\/en\/wp-json\/wp\/v2\/media?parent=1805"}],"curies":[{"name":"wp","href":"https:\/\/api.w.org\/{rel}","templated":true}]}}